{"id":199,"date":"2025-11-08T09:41:01","date_gmt":"2025-11-08T09:41:01","guid":{"rendered":"https:\/\/agoodbook.dk\/?page_id=199"},"modified":"2025-11-14T07:35:38","modified_gmt":"2025-11-14T07:35:38","slug":"kontakt","status":"publish","type":"page","link":"https:\/\/agoodbook.dk\/index.php\/kontakt\/","title":{"rendered":"Kontakt"},"content":{"rendered":"\t\t<div data-elementor-type=\"wp-page\" data-elementor-id=\"199\" class=\"elementor elementor-199\">\n\t\t\t\t<div class=\"elementor-element elementor-element-2e3016ce e-flex e-con-boxed e-con e-parent\" data-id=\"2e3016ce\" data-element_type=\"container\" data-e-type=\"container\">\n\t\t\t\t\t<div class=\"e-con-inner\">\n\t\t\t\t<div class=\"elementor-element elementor-element-6bc874c3 elementor-widget elementor-widget-text-editor\" data-id=\"6bc874c3\" data-element_type=\"widget\" data-e-type=\"widget\" data-widget_type=\"text-editor.default\">\n\t\t\t\t\t\t\t\t\t\n<div class=\"wp-block-group\"><div class=\"wp-block-group__inner-container is-layout-constrained wp-block-group-is-layout-constrained\">\n<div class=\"wp-block-columns is-layout-flex wp-container-core-columns-is-layout-9d6595d7 wp-block-columns-is-layout-flex\">\n<div class=\"wp-block-column is-layout-flow wp-block-column-is-layout-flow\" style=\"flex-basis:100%\"><\/div>\n<\/div>\n<\/div><\/div>\n\n\n\t\t\t\t\t\t\t\t<\/div>\n\t\t\t\t\t<\/div>\n\t\t\t\t<\/div>\n\t\t<div class=\"elementor-element elementor-element-055ef8b e-flex e-con-boxed e-con e-parent\" data-id=\"055ef8b\" data-element_type=\"container\" data-e-type=\"container\">\n\t\t\t\t\t<div class=\"e-con-inner\">\n\t\t\t\t<div class=\"elementor-element elementor-element-008fe74 elementor-widget elementor-widget-wpforms\" data-id=\"008fe74\" data-element_type=\"widget\" data-e-type=\"widget\" data-widget_type=\"wpforms.default\">\n\t\t\t\t<div class=\"elementor-widget-container\">\n\t\t\t\t\t<div class=\"wpforms-container wpforms-container-full wpforms-render-modern\" id=\"wpforms-209\"><form id=\"wpforms-form-209\" class=\"wpforms-validate wpforms-form wpforms-ajax-form\" data-formid=\"209\" method=\"post\" enctype=\"multipart\/form-data\" action=\"\/index.php\/wp-json\/wp\/v2\/pages\/199\" data-token=\"18a941f92a2236098e15120f604b17b9\" data-token-time=\"1778705690\"><noscript class=\"wpforms-error-noscript\">Please enable JavaScript in your browser to complete this form.<\/noscript><div id=\"wpforms-error-noscript\" style=\"display: none;\">Please enable JavaScript in your browser to complete this form.<\/div><div class=\"wpforms-field-container\"><div id=\"wpforms-209-field_1-container\" class=\"wpforms-field wpforms-field-name\" data-field-id=\"1\"><label class=\"wpforms-field-label\" for=\"wpforms-209-field_1\">Navn <span class=\"wpforms-required-label\" aria-hidden=\"true\">*<\/span><\/label><input type=\"text\" id=\"wpforms-209-field_1\" class=\"wpforms-field-medium wpforms-field-required\" name=\"wpforms[fields][1]\" aria-errormessage=\"wpforms-209-field_1-error\" aria-describedby=\"wpforms-209-field_1-description\" required><div id=\"wpforms-209-field_1-description\" class=\"wpforms-field-description\">Fornavn efternavn<\/div><\/div><div id=\"wpforms-209-field_2-container\" class=\"wpforms-field wpforms-field-email\" data-field-id=\"2\"><label class=\"wpforms-field-label\" for=\"wpforms-209-field_2\">Email <span class=\"wpforms-required-label\" aria-hidden=\"true\">*<\/span><\/label><input type=\"email\" id=\"wpforms-209-field_2\" class=\"wpforms-field-medium wpforms-field-required\" name=\"wpforms[fields][2]\" spellcheck=\"false\" aria-errormessage=\"wpforms-209-field_2-error\" required><\/div>\t\t<div id=\"wpforms-209-field_4-container\"\n\t\t\tclass=\"wpforms-field wpforms-field-text\"\n\t\t\tdata-field-type=\"text\"\n\t\t\tdata-field-id=\"4\"\n\t\t\t>\n\t\t\t<label class=\"wpforms-field-label\" for=\"wpforms-209-field_4\" >Email Meddelelse Navn<\/label>\n\t\t\t<input type=\"text\" id=\"wpforms-209-field_4\" class=\"wpforms-field-medium\" name=\"wpforms[fields][4]\" >\n\t\t<\/div>\n\t\t<div id=\"wpforms-209-field_3-container\" class=\"wpforms-field wpforms-field-textarea\" data-field-id=\"3\"><label class=\"wpforms-field-label\" for=\"wpforms-209-field_3\">Meddelelse<\/label><textarea id=\"wpforms-209-field_3\" class=\"wpforms-field-large\" name=\"wpforms[fields][3]\" aria-errormessage=\"wpforms-209-field_3-error\" ><\/textarea><\/div><script>\n\t\t\t\t( function() {\n\t\t\t\t\tconst style = document.createElement( 'style' );\n\t\t\t\t\tstyle.appendChild( document.createTextNode( '#wpforms-209-field_4-container { position: absolute !important; overflow: hidden !important; display: inline !important; height: 1px !important; width: 1px !important; z-index: -1000 !important; padding: 0 !important; } #wpforms-209-field_4-container input { visibility: hidden; } #wpforms-conversational-form-page #wpforms-209-field_4-container label { counter-increment: none; }' ) );\n\t\t\t\t\tdocument.head.appendChild( style );\n\t\t\t\t\tdocument.currentScript?.remove();\n\t\t\t\t} )();\n\t\t\t<\/script><\/div><!-- .wpforms-field-container --><div class=\"wpforms-submit-container\" ><input type=\"hidden\" name=\"wpforms[id]\" value=\"209\"><input type=\"hidden\" name=\"page_title\" value=\"\"><input type=\"hidden\" name=\"page_url\" value=\"https:\/\/agoodbook.dk\/index.php\/wp-json\/wp\/v2\/pages\/199\"><input type=\"hidden\" name=\"url_referer\" value=\"\"><button type=\"submit\" name=\"wpforms[submit]\" id=\"wpforms-submit-209\" class=\"wpforms-submit\" data-alt-text=\"Sender....\" data-submit-text=\"Send\" aria-live=\"assertive\" value=\"wpforms-submit\">Send<\/button><img decoding=\"async\" src=\"https:\/\/agoodbook.dk\/wp-content\/plugins\/wpforms-lite\/assets\/images\/submit-spin.svg\" class=\"wpforms-submit-spinner\" style=\"display: none;\" width=\"26\" height=\"26\" alt=\"Loading\"><\/div><\/form><\/div>  <!-- .wpforms-container -->\t\t\t\t<\/div>\n\t\t\t\t<\/div>\n\t\t\t\t\t<\/div>\n\t\t\t\t<\/div>\n\t\t<div class=\"elementor-element elementor-element-e70a08d e-flex e-con-boxed e-con e-parent\" data-id=\"e70a08d\" data-element_type=\"container\" data-e-type=\"container\">\n\t\t\t\t\t<div class=\"e-con-inner\">\n\t\t\t\t\t<\/div>\n\t\t\t\t<\/div>\n\t\t\t\t<\/div>\n\t\t","protected":false},"excerpt":{"rendered":"<p>Please enable JavaScript in your browser to complete this form.Please enable JavaScript in your browser to complete this form.Navn *Fornavn efternavnEmail *Meddelelse Send<\/p>\n","protected":false},"author":1,"featured_media":0,"parent":0,"menu_order":0,"comment_status":"closed","ping_status":"closed","template":"","meta":{"neve_meta_sidebar":"","neve_meta_container":"","neve_meta_enable_content_width":"","neve_meta_content_width":0,"neve_meta_title_alignment":"","neve_meta_author_avatar":"","neve_post_elements_order":"","neve_meta_disable_header":"","neve_meta_disable_footer":"","neve_meta_disable_title":"","footnotes":""},"class_list":["post-199","page","type-page","status-publish","hentry"],"yoast_head":"<!-- This site is optimized with the Yoast SEO plugin v27.1.1 - https:\/\/yoast.com\/product\/yoast-seo-wordpress\/ -->\n<title>Har du sp\u00f8rgsm\u00e5l eller kommentarer?<\/title>\n<meta name=\"description\" content=\"Du er velkommen til at kontakte forlaget, hvis du har sp\u00f8rgsm\u00e5l om salg af b\u00f8ger, om muligheden for opl\u00e6g, eller andre relevante sp\u00f8rgsm\u00e5l. Forlaget bestr\u00e6ber sig p\u00e5 at besvare alle henvendelser s\u00e5 hurtigt som muligt.\" \/>\n<meta name=\"robots\" content=\"index, follow, max-snippet:-1, max-image-preview:large, max-video-preview:-1\" \/>\n<link rel=\"canonical\" href=\"https:\/\/agoodbook.dk\/index.php\/kontakt\/\" \/>\n<meta property=\"og:locale\" content=\"da_DK\" \/>\n<meta property=\"og:type\" content=\"article\" \/>\n<meta property=\"og:title\" content=\"Har du sp\u00f8rgsm\u00e5l eller kommentarer?\" \/>\n<meta property=\"og:description\" content=\"Du er velkommen til at kontakte forlaget, hvis du har sp\u00f8rgsm\u00e5l om salg af b\u00f8ger, om muligheden for opl\u00e6g, eller andre relevante sp\u00f8rgsm\u00e5l. Forlaget bestr\u00e6ber sig p\u00e5 at besvare alle henvendelser s\u00e5 hurtigt som muligt.\" \/>\n<meta property=\"og:url\" content=\"https:\/\/agoodbook.dk\/index.php\/kontakt\/\" \/>\n<meta property=\"og:site_name\" content=\"Forlaget A Good Book\" \/>\n<meta property=\"article:modified_time\" content=\"2025-11-14T07:35:38+00:00\" \/>\n<meta property=\"og:image\" content=\"https:\/\/agoodbook.dk\/wp-content\/plugins\/wpforms-lite\/assets\/images\/submit-spin.svg\" \/>\n<meta name=\"twitter:card\" content=\"summary_large_image\" \/>\n<script type=\"application\/ld+json\" class=\"yoast-schema-graph\">{\"@context\":\"https:\/\/schema.org\",\"@graph\":[{\"@type\":\"WebPage\",\"@id\":\"https:\/\/agoodbook.dk\/index.php\/kontakt\/\",\"url\":\"https:\/\/agoodbook.dk\/index.php\/kontakt\/\",\"name\":\"Har du sp\u00f8rgsm\u00e5l eller kommentarer?\",\"isPartOf\":{\"@id\":\"https:\/\/agoodbook.dk\/#website\"},\"primaryImageOfPage\":{\"@id\":\"https:\/\/agoodbook.dk\/index.php\/kontakt\/#primaryimage\"},\"image\":{\"@id\":\"https:\/\/agoodbook.dk\/index.php\/kontakt\/#primaryimage\"},\"thumbnailUrl\":\"https:\/\/agoodbook.dk\/wp-content\/plugins\/wpforms-lite\/assets\/images\/submit-spin.svg\",\"datePublished\":\"2025-11-08T09:41:01+00:00\",\"dateModified\":\"2025-11-14T07:35:38+00:00\",\"description\":\"Du er velkommen til at kontakte forlaget, hvis du har sp\u00f8rgsm\u00e5l om salg af b\u00f8ger, om muligheden for opl\u00e6g, eller andre relevante sp\u00f8rgsm\u00e5l. Forlaget bestr\u00e6ber sig p\u00e5 at besvare alle henvendelser s\u00e5 hurtigt som muligt.\",\"breadcrumb\":{\"@id\":\"https:\/\/agoodbook.dk\/index.php\/kontakt\/#breadcrumb\"},\"inLanguage\":\"da-DK\",\"potentialAction\":[{\"@type\":\"ReadAction\",\"target\":[\"https:\/\/agoodbook.dk\/index.php\/kontakt\/\"]}]},{\"@type\":\"ImageObject\",\"inLanguage\":\"da-DK\",\"@id\":\"https:\/\/agoodbook.dk\/index.php\/kontakt\/#primaryimage\",\"url\":\"https:\/\/agoodbook.dk\/wp-content\/plugins\/wpforms-lite\/assets\/images\/submit-spin.svg\",\"contentUrl\":\"https:\/\/agoodbook.dk\/wp-content\/plugins\/wpforms-lite\/assets\/images\/submit-spin.svg\"},{\"@type\":\"BreadcrumbList\",\"@id\":\"https:\/\/agoodbook.dk\/index.php\/kontakt\/#breadcrumb\",\"itemListElement\":[{\"@type\":\"ListItem\",\"position\":1,\"name\":\"Hjem\",\"item\":\"https:\/\/agoodbook.dk\/\"},{\"@type\":\"ListItem\",\"position\":2,\"name\":\"Kontakt\"}]},{\"@type\":\"WebSite\",\"@id\":\"https:\/\/agoodbook.dk\/#website\",\"url\":\"https:\/\/agoodbook.dk\/\",\"name\":\"Forlaget A Good Book\",\"description\":\"Om udgivelser p\u00e5 forlaget\",\"publisher\":{\"@id\":\"https:\/\/agoodbook.dk\/#organization\"},\"alternateName\":\"A Good Book\",\"potentialAction\":[{\"@type\":\"SearchAction\",\"target\":{\"@type\":\"EntryPoint\",\"urlTemplate\":\"https:\/\/agoodbook.dk\/?s={search_term_string}\"},\"query-input\":{\"@type\":\"PropertyValueSpecification\",\"valueRequired\":true,\"valueName\":\"search_term_string\"}}],\"inLanguage\":\"da-DK\"},{\"@type\":\"Organization\",\"@id\":\"https:\/\/agoodbook.dk\/#organization\",\"name\":\"Forlaget A Good Book\",\"alternateName\":\"A Good Book\",\"url\":\"https:\/\/agoodbook.dk\/\",\"logo\":{\"@type\":\"ImageObject\",\"inLanguage\":\"da-DK\",\"@id\":\"https:\/\/agoodbook.dk\/#\/schema\/logo\/image\/\",\"url\":\"\",\"contentUrl\":\"\",\"caption\":\"Forlaget A Good Book\"},\"image\":{\"@id\":\"https:\/\/agoodbook.dk\/#\/schema\/logo\/image\/\"},\"sameAs\":[\"https:\/\/www.linkedin.com\/in\/kim-nielsen-ba6aa476\/yoast\"]}]}<\/script>\n<!-- \/ Yoast SEO plugin. -->","yoast_head_json":{"title":"Har du sp\u00f8rgsm\u00e5l eller kommentarer?","description":"Du er velkommen til at kontakte forlaget, hvis du har sp\u00f8rgsm\u00e5l om salg af b\u00f8ger, om muligheden for opl\u00e6g, eller andre relevante sp\u00f8rgsm\u00e5l. Forlaget bestr\u00e6ber sig p\u00e5 at besvare alle henvendelser s\u00e5 hurtigt som muligt.","robots":{"index":"index","follow":"follow","max-snippet":"max-snippet:-1","max-image-preview":"max-image-preview:large","max-video-preview":"max-video-preview:-1"},"canonical":"https:\/\/agoodbook.dk\/index.php\/kontakt\/","og_locale":"da_DK","og_type":"article","og_title":"Har du sp\u00f8rgsm\u00e5l eller kommentarer?","og_description":"Du er velkommen til at kontakte forlaget, hvis du har sp\u00f8rgsm\u00e5l om salg af b\u00f8ger, om muligheden for opl\u00e6g, eller andre relevante sp\u00f8rgsm\u00e5l. Forlaget bestr\u00e6ber sig p\u00e5 at besvare alle henvendelser s\u00e5 hurtigt som muligt.","og_url":"https:\/\/agoodbook.dk\/index.php\/kontakt\/","og_site_name":"Forlaget A Good Book","article_modified_time":"2025-11-14T07:35:38+00:00","og_image":[{"url":"https:\/\/agoodbook.dk\/wp-content\/plugins\/wpforms-lite\/assets\/images\/submit-spin.svg","type":"","width":"","height":""}],"twitter_card":"summary_large_image","schema":{"@context":"https:\/\/schema.org","@graph":[{"@type":"WebPage","@id":"https:\/\/agoodbook.dk\/index.php\/kontakt\/","url":"https:\/\/agoodbook.dk\/index.php\/kontakt\/","name":"Har du sp\u00f8rgsm\u00e5l eller kommentarer?","isPartOf":{"@id":"https:\/\/agoodbook.dk\/#website"},"primaryImageOfPage":{"@id":"https:\/\/agoodbook.dk\/index.php\/kontakt\/#primaryimage"},"image":{"@id":"https:\/\/agoodbook.dk\/index.php\/kontakt\/#primaryimage"},"thumbnailUrl":"https:\/\/agoodbook.dk\/wp-content\/plugins\/wpforms-lite\/assets\/images\/submit-spin.svg","datePublished":"2025-11-08T09:41:01+00:00","dateModified":"2025-11-14T07:35:38+00:00","description":"Du er velkommen til at kontakte forlaget, hvis du har sp\u00f8rgsm\u00e5l om salg af b\u00f8ger, om muligheden for opl\u00e6g, eller andre relevante sp\u00f8rgsm\u00e5l. Forlaget bestr\u00e6ber sig p\u00e5 at besvare alle henvendelser s\u00e5 hurtigt som muligt.","breadcrumb":{"@id":"https:\/\/agoodbook.dk\/index.php\/kontakt\/#breadcrumb"},"inLanguage":"da-DK","potentialAction":[{"@type":"ReadAction","target":["https:\/\/agoodbook.dk\/index.php\/kontakt\/"]}]},{"@type":"ImageObject","inLanguage":"da-DK","@id":"https:\/\/agoodbook.dk\/index.php\/kontakt\/#primaryimage","url":"https:\/\/agoodbook.dk\/wp-content\/plugins\/wpforms-lite\/assets\/images\/submit-spin.svg","contentUrl":"https:\/\/agoodbook.dk\/wp-content\/plugins\/wpforms-lite\/assets\/images\/submit-spin.svg"},{"@type":"BreadcrumbList","@id":"https:\/\/agoodbook.dk\/index.php\/kontakt\/#breadcrumb","itemListElement":[{"@type":"ListItem","position":1,"name":"Hjem","item":"https:\/\/agoodbook.dk\/"},{"@type":"ListItem","position":2,"name":"Kontakt"}]},{"@type":"WebSite","@id":"https:\/\/agoodbook.dk\/#website","url":"https:\/\/agoodbook.dk\/","name":"Forlaget A Good Book","description":"Om udgivelser p\u00e5 forlaget","publisher":{"@id":"https:\/\/agoodbook.dk\/#organization"},"alternateName":"A Good Book","potentialAction":[{"@type":"SearchAction","target":{"@type":"EntryPoint","urlTemplate":"https:\/\/agoodbook.dk\/?s={search_term_string}"},"query-input":{"@type":"PropertyValueSpecification","valueRequired":true,"valueName":"search_term_string"}}],"inLanguage":"da-DK"},{"@type":"Organization","@id":"https:\/\/agoodbook.dk\/#organization","name":"Forlaget A Good Book","alternateName":"A Good Book","url":"https:\/\/agoodbook.dk\/","logo":{"@type":"ImageObject","inLanguage":"da-DK","@id":"https:\/\/agoodbook.dk\/#\/schema\/logo\/image\/","url":"","contentUrl":"","caption":"Forlaget A Good Book"},"image":{"@id":"https:\/\/agoodbook.dk\/#\/schema\/logo\/image\/"},"sameAs":["https:\/\/www.linkedin.com\/in\/kim-nielsen-ba6aa476\/yoast"]}]}},"_links":{"self":[{"href":"https:\/\/agoodbook.dk\/index.php\/wp-json\/wp\/v2\/pages\/199","targetHints":{"allow":["GET"]}}],"collection":[{"href":"https:\/\/agoodbook.dk\/index.php\/wp-json\/wp\/v2\/pages"}],"about":[{"href":"https:\/\/agoodbook.dk\/index.php\/wp-json\/wp\/v2\/types\/page"}],"author":[{"embeddable":true,"href":"https:\/\/agoodbook.dk\/index.php\/wp-json\/wp\/v2\/users\/1"}],"replies":[{"embeddable":true,"href":"https:\/\/agoodbook.dk\/index.php\/wp-json\/wp\/v2\/comments?post=199"}],"version-history":[{"count":0,"href":"https:\/\/agoodbook.dk\/index.php\/wp-json\/wp\/v2\/pages\/199\/revisions"}],"wp:attachment":[{"href":"https:\/\/agoodbook.dk\/index.php\/wp-json\/wp\/v2\/media?parent=199"}],"curies":[{"name":"wp","href":"https:\/\/api.w.org\/{rel}","templated":true}]}}