{"id":24,"date":"2025-11-05T15:18:57","date_gmt":"2025-11-05T15:18:57","guid":{"rendered":"https:\/\/agoodbook.dk\/?page_id=24"},"modified":"2025-11-16T09:54:11","modified_gmt":"2025-11-16T09:54:11","slug":"hjem","status":"publish","type":"page","link":"https:\/\/agoodbook.dk\/","title":{"rendered":"Hjem"},"content":{"rendered":"<p><img fetchpriority=\"high\" decoding=\"async\" width=\"768\" height=\"768\" src=\"https:\/\/agoodbook.dk\/wp-content\/uploads\/2025\/11\/Logo-round-1A-768x768.png?wsr\" alt=\"\" srcset=\"https:\/\/agoodbook.dk\/wp-content\/uploads\/2025\/11\/Logo-round-1A-768x768.png 768w, https:\/\/agoodbook.dk\/wp-content\/uploads\/2025\/11\/Logo-round-1A-300x300.png 300w, https:\/\/agoodbook.dk\/wp-content\/uploads\/2025\/11\/Logo-round-1A-1024x1024.png 1024w, https:\/\/agoodbook.dk\/wp-content\/uploads\/2025\/11\/Logo-round-1A-150x150.png 150w, https:\/\/agoodbook.dk\/wp-content\/uploads\/2025\/11\/elementor\/thumbs\/Logo-round-1A-reloq4dq32w6vr53d2n76fedjcxw8uxh39kdus6ess.gif?wsr 638w\" sizes=\"(max-width: 768px) 100vw, 768px\" \/><\/p>\n","protected":false},"excerpt":{"rendered":"","protected":false},"author":1,"featured_media":0,"parent":0,"menu_order":0,"comment_status":"closed","ping_status":"closed","template":"","meta":{"neve_meta_sidebar":"","neve_meta_container":"","neve_meta_enable_content_width":"on","neve_meta_content_width":100,"neve_meta_title_alignment":"","neve_meta_author_avatar":"","neve_post_elements_order":"","neve_meta_disable_header":"","neve_meta_disable_footer":"","neve_meta_disable_title":"on","footnotes":""},"class_list":["post-24","page","type-page","status-publish","hentry"],"yoast_head":"<!-- This site is optimized with the Yoast SEO plugin v27.1.1 - https:\/\/yoast.com\/product\/yoast-seo-wordpress\/ -->\n<title>A Good Book - Et forlag for fotob\u00f8ger<\/title>\n<meta name=\"description\" content=\"Forlagets b\u00f8ger har fokus p\u00e5 mennesket og kan v\u00e6re legende i deres udtryk eller b\u00e5ret af alvor og tit med brug af begge elementer. Teksterne er korte og indbyder til, at l\u00e6seren selv t\u00e6nker med. Billederne i b\u00f8gerne er ogs\u00e5 tit sk\u00e5ret stramt til. Bag udtrykket er et altid tydeligt menneskesyn.\" \/>\n<meta name=\"robots\" content=\"index, follow, max-snippet:-1, max-image-preview:large, max-video-preview:-1\" \/>\n<link rel=\"canonical\" href=\"https:\/\/agoodbook.dk\/\" \/>\n<meta property=\"og:locale\" content=\"da_DK\" \/>\n<meta property=\"og:type\" content=\"article\" \/>\n<meta property=\"og:title\" content=\"A Good Book - Et forlag for fotob\u00f8ger\" \/>\n<meta property=\"og:description\" content=\"Forlagets b\u00f8ger har fokus p\u00e5 mennesket og kan v\u00e6re legende i deres udtryk eller b\u00e5ret af alvor og tit med brug af begge elementer. Teksterne er korte og indbyder til, at l\u00e6seren selv t\u00e6nker med. Billederne i b\u00f8gerne er ogs\u00e5 tit sk\u00e5ret stramt til. Bag udtrykket er et altid tydeligt menneskesyn.\" \/>\n<meta property=\"og:url\" content=\"https:\/\/agoodbook.dk\/\" \/>\n<meta property=\"og:site_name\" content=\"Forlaget A Good Book\" \/>\n<meta property=\"article:modified_time\" content=\"2025-11-16T09:54:11+00:00\" \/>\n<meta property=\"og:image\" content=\"https:\/\/agoodbook.dk\/wp-content\/uploads\/2025\/11\/Logo-round-1A-768x768.png?wsr\" \/>\n<meta name=\"twitter:card\" content=\"summary_large_image\" \/>\n<meta name=\"twitter:label1\" content=\"Estimeret l\u00e6setid\" \/>\n\t<meta name=\"twitter:data1\" content=\"1 minut\" \/>\n<script type=\"application\/ld+json\" class=\"yoast-schema-graph\">{\"@context\":\"https:\/\/schema.org\",\"@graph\":[{\"@type\":\"WebPage\",\"@id\":\"https:\/\/agoodbook.dk\/\",\"url\":\"https:\/\/agoodbook.dk\/\",\"name\":\"A Good Book - Et forlag for fotob\u00f8ger\",\"isPartOf\":{\"@id\":\"https:\/\/agoodbook.dk\/#website\"},\"primaryImageOfPage\":{\"@id\":\"https:\/\/agoodbook.dk\/#primaryimage\"},\"image\":{\"@id\":\"https:\/\/agoodbook.dk\/#primaryimage\"},\"thumbnailUrl\":\"https:\/\/agoodbook.dk\/wp-content\/uploads\/2025\/11\/Logo-round-1A-768x768.png?wsr\",\"datePublished\":\"2025-11-05T15:18:57+00:00\",\"dateModified\":\"2025-11-16T09:54:11+00:00\",\"description\":\"Forlagets b\u00f8ger har fokus p\u00e5 mennesket og kan v\u00e6re legende i deres udtryk eller b\u00e5ret af alvor og tit med brug af begge elementer. Teksterne er korte og indbyder til, at l\u00e6seren selv t\u00e6nker med. Billederne i b\u00f8gerne er ogs\u00e5 tit sk\u00e5ret stramt til. Bag udtrykket er et altid tydeligt menneskesyn.\",\"breadcrumb\":{\"@id\":\"https:\/\/agoodbook.dk\/#breadcrumb\"},\"inLanguage\":\"da-DK\",\"potentialAction\":[{\"@type\":\"ReadAction\",\"target\":[\"https:\/\/agoodbook.dk\/\"]}]},{\"@type\":\"ImageObject\",\"inLanguage\":\"da-DK\",\"@id\":\"https:\/\/agoodbook.dk\/#primaryimage\",\"url\":\"https:\/\/agoodbook.dk\/wp-content\/uploads\/2025\/11\/Logo-round-1A.png\",\"contentUrl\":\"https:\/\/agoodbook.dk\/wp-content\/uploads\/2025\/11\/Logo-round-1A.png\",\"width\":1280,\"height\":1280},{\"@type\":\"BreadcrumbList\",\"@id\":\"https:\/\/agoodbook.dk\/#breadcrumb\",\"itemListElement\":[{\"@type\":\"ListItem\",\"position\":1,\"name\":\"Hjem\",\"item\":\"https:\/\/agoodbook.dk\/\"},{\"@type\":\"ListItem\",\"position\":2,\"name\":\"Hjem\"}]},{\"@type\":\"WebSite\",\"@id\":\"https:\/\/agoodbook.dk\/#website\",\"url\":\"https:\/\/agoodbook.dk\/\",\"name\":\"Forlaget A Good Book\",\"description\":\"Om udgivelser p\u00e5 forlaget\",\"publisher\":{\"@id\":\"https:\/\/agoodbook.dk\/#organization\"},\"alternateName\":\"A Good Book\",\"potentialAction\":[{\"@type\":\"SearchAction\",\"target\":{\"@type\":\"EntryPoint\",\"urlTemplate\":\"https:\/\/agoodbook.dk\/?s={search_term_string}\"},\"query-input\":{\"@type\":\"PropertyValueSpecification\",\"valueRequired\":true,\"valueName\":\"search_term_string\"}}],\"inLanguage\":\"da-DK\"},{\"@type\":\"Organization\",\"@id\":\"https:\/\/agoodbook.dk\/#organization\",\"name\":\"Forlaget A Good Book\",\"alternateName\":\"A Good Book\",\"url\":\"https:\/\/agoodbook.dk\/\",\"logo\":{\"@type\":\"ImageObject\",\"inLanguage\":\"da-DK\",\"@id\":\"https:\/\/agoodbook.dk\/#\/schema\/logo\/image\/\",\"url\":\"\",\"contentUrl\":\"\",\"caption\":\"Forlaget A Good Book\"},\"image\":{\"@id\":\"https:\/\/agoodbook.dk\/#\/schema\/logo\/image\/\"},\"sameAs\":[\"https:\/\/www.linkedin.com\/in\/kim-nielsen-ba6aa476\/yoast\"]}]}<\/script>\n<!-- \/ Yoast SEO plugin. -->","yoast_head_json":{"title":"A Good Book - Et forlag for fotob\u00f8ger","description":"Forlagets b\u00f8ger har fokus p\u00e5 mennesket og kan v\u00e6re legende i deres udtryk eller b\u00e5ret af alvor og tit med brug af begge elementer. Teksterne er korte og indbyder til, at l\u00e6seren selv t\u00e6nker med. Billederne i b\u00f8gerne er ogs\u00e5 tit sk\u00e5ret stramt til. Bag udtrykket er et altid tydeligt menneskesyn.","robots":{"index":"index","follow":"follow","max-snippet":"max-snippet:-1","max-image-preview":"max-image-preview:large","max-video-preview":"max-video-preview:-1"},"canonical":"https:\/\/agoodbook.dk\/","og_locale":"da_DK","og_type":"article","og_title":"A Good Book - Et forlag for fotob\u00f8ger","og_description":"Forlagets b\u00f8ger har fokus p\u00e5 mennesket og kan v\u00e6re legende i deres udtryk eller b\u00e5ret af alvor og tit med brug af begge elementer. Teksterne er korte og indbyder til, at l\u00e6seren selv t\u00e6nker med. Billederne i b\u00f8gerne er ogs\u00e5 tit sk\u00e5ret stramt til. Bag udtrykket er et altid tydeligt menneskesyn.","og_url":"https:\/\/agoodbook.dk\/","og_site_name":"Forlaget A Good Book","article_modified_time":"2025-11-16T09:54:11+00:00","og_image":[{"url":"https:\/\/agoodbook.dk\/wp-content\/uploads\/2025\/11\/Logo-round-1A-768x768.png?wsr","type":"","width":"","height":""}],"twitter_card":"summary_large_image","twitter_misc":{"Estimeret l\u00e6setid":"1 minut"},"schema":{"@context":"https:\/\/schema.org","@graph":[{"@type":"WebPage","@id":"https:\/\/agoodbook.dk\/","url":"https:\/\/agoodbook.dk\/","name":"A Good Book - Et forlag for fotob\u00f8ger","isPartOf":{"@id":"https:\/\/agoodbook.dk\/#website"},"primaryImageOfPage":{"@id":"https:\/\/agoodbook.dk\/#primaryimage"},"image":{"@id":"https:\/\/agoodbook.dk\/#primaryimage"},"thumbnailUrl":"https:\/\/agoodbook.dk\/wp-content\/uploads\/2025\/11\/Logo-round-1A-768x768.png?wsr","datePublished":"2025-11-05T15:18:57+00:00","dateModified":"2025-11-16T09:54:11+00:00","description":"Forlagets b\u00f8ger har fokus p\u00e5 mennesket og kan v\u00e6re legende i deres udtryk eller b\u00e5ret af alvor og tit med brug af begge elementer. Teksterne er korte og indbyder til, at l\u00e6seren selv t\u00e6nker med. Billederne i b\u00f8gerne er ogs\u00e5 tit sk\u00e5ret stramt til. Bag udtrykket er et altid tydeligt menneskesyn.","breadcrumb":{"@id":"https:\/\/agoodbook.dk\/#breadcrumb"},"inLanguage":"da-DK","potentialAction":[{"@type":"ReadAction","target":["https:\/\/agoodbook.dk\/"]}]},{"@type":"ImageObject","inLanguage":"da-DK","@id":"https:\/\/agoodbook.dk\/#primaryimage","url":"https:\/\/agoodbook.dk\/wp-content\/uploads\/2025\/11\/Logo-round-1A.png","contentUrl":"https:\/\/agoodbook.dk\/wp-content\/uploads\/2025\/11\/Logo-round-1A.png","width":1280,"height":1280},{"@type":"BreadcrumbList","@id":"https:\/\/agoodbook.dk\/#breadcrumb","itemListElement":[{"@type":"ListItem","position":1,"name":"Hjem","item":"https:\/\/agoodbook.dk\/"},{"@type":"ListItem","position":2,"name":"Hjem"}]},{"@type":"WebSite","@id":"https:\/\/agoodbook.dk\/#website","url":"https:\/\/agoodbook.dk\/","name":"Forlaget A Good Book","description":"Om udgivelser p\u00e5 forlaget","publisher":{"@id":"https:\/\/agoodbook.dk\/#organization"},"alternateName":"A Good Book","potentialAction":[{"@type":"SearchAction","target":{"@type":"EntryPoint","urlTemplate":"https:\/\/agoodbook.dk\/?s={search_term_string}"},"query-input":{"@type":"PropertyValueSpecification","valueRequired":true,"valueName":"search_term_string"}}],"inLanguage":"da-DK"},{"@type":"Organization","@id":"https:\/\/agoodbook.dk\/#organization","name":"Forlaget A Good Book","alternateName":"A Good Book","url":"https:\/\/agoodbook.dk\/","logo":{"@type":"ImageObject","inLanguage":"da-DK","@id":"https:\/\/agoodbook.dk\/#\/schema\/logo\/image\/","url":"","contentUrl":"","caption":"Forlaget A Good Book"},"image":{"@id":"https:\/\/agoodbook.dk\/#\/schema\/logo\/image\/"},"sameAs":["https:\/\/www.linkedin.com\/in\/kim-nielsen-ba6aa476\/yoast"]}]}},"_links":{"self":[{"href":"https:\/\/agoodbook.dk\/index.php\/wp-json\/wp\/v2\/pages\/24","targetHints":{"allow":["GET"]}}],"collection":[{"href":"https:\/\/agoodbook.dk\/index.php\/wp-json\/wp\/v2\/pages"}],"about":[{"href":"https:\/\/agoodbook.dk\/index.php\/wp-json\/wp\/v2\/types\/page"}],"author":[{"embeddable":true,"href":"https:\/\/agoodbook.dk\/index.php\/wp-json\/wp\/v2\/users\/1"}],"replies":[{"embeddable":true,"href":"https:\/\/agoodbook.dk\/index.php\/wp-json\/wp\/v2\/comments?post=24"}],"version-history":[{"count":0,"href":"https:\/\/agoodbook.dk\/index.php\/wp-json\/wp\/v2\/pages\/24\/revisions"}],"wp:attachment":[{"href":"https:\/\/agoodbook.dk\/index.php\/wp-json\/wp\/v2\/media?parent=24"}],"curies":[{"name":"wp","href":"https:\/\/api.w.org\/{rel}","templated":true}]}}