{"id":29,"date":"2025-11-05T15:18:57","date_gmt":"2025-11-05T15:18:57","guid":{"rendered":"https:\/\/agoodbook.dk\/?page_id=29"},"modified":"2025-12-14T15:16:52","modified_gmt":"2025-12-14T15:16:52","slug":"blog","status":"publish","type":"page","link":"https:\/\/agoodbook.dk\/index.php\/blog\/","title":{"rendered":"P\u00e5 vej"},"content":{"rendered":"\t\t<div data-elementor-type=\"wp-page\" data-elementor-id=\"29\" class=\"elementor elementor-29\">\n\t\t\t\t<div class=\"elementor-element elementor-element-4445e7d e-grid e-con-boxed e-con e-parent\" data-id=\"4445e7d\" data-element_type=\"container\" data-e-type=\"container\">\n\t\t\t\t\t<div class=\"e-con-inner\">\n\t\t\t\t<div class=\"elementor-element elementor-element-fa30bed elementor-widget elementor-widget-image\" data-id=\"fa30bed\" data-element_type=\"widget\" data-e-type=\"widget\" data-widget_type=\"image.default\">\n\t\t\t\t\t\t\t\t\t\t\t\t\t\t\t<img fetchpriority=\"high\" decoding=\"async\" width=\"768\" height=\"1086\" src=\"https:\/\/agoodbook.dk\/wp-content\/uploads\/2025\/11\/Menneske-Forst-768x1086.jpg\" class=\"attachment-medium_large size-medium_large wp-image-494\" alt=\"\" srcset=\"https:\/\/agoodbook.dk\/wp-content\/uploads\/2025\/11\/Menneske-Forst-768x1086.jpg 768w, https:\/\/agoodbook.dk\/wp-content\/uploads\/2025\/11\/Menneske-Forst-212x300.jpg 212w, https:\/\/agoodbook.dk\/wp-content\/uploads\/2025\/11\/Menneske-Forst-724x1024.jpg 724w, https:\/\/agoodbook.dk\/wp-content\/uploads\/2025\/11\/Menneske-Forst.jpg 912w\" sizes=\"(max-width: 768px) 100vw, 768px\" \/>\t\t\t\t\t\t\t\t\t\t\t\t\t\t\t<\/div>\n\t\t\t\t<div class=\"elementor-element elementor-element-3b9c592 elementor-widget elementor-widget-text-editor\" data-id=\"3b9c592\" data-element_type=\"widget\" data-e-type=\"widget\" data-widget_type=\"text-editor.default\">\n\t\t\t\t\t\t\t\t\t<p>Denne bog er et stille opr\u00f8r imod tendensen til at d\u00f8mme vores medmennesker ud fra de kategorier, som vi placerer dem i.<br \/>Uanset om vi bliver placeret i gruppen af etniske danskere, russere, udviklingsh\u00e6mmede, psykisk s\u00e5rbare, l\u00e6ger eller en hvilken som helst anden kategori, s\u00e5 f\u00f8lger der en<br \/>forforst\u00e5else med kategoriseringen.\u00a0<\/p><p>For nogle kategoriers vedkommende kan forforst\u00e5elsen antage karakter af en fordom. Flygtninge er p\u00e5 en bestemt m\u00e5de, men hvis man dykker ned i kategorien med flygtninge, s\u00e5 opdager man hurtigt, at de udg\u00f8r en meget uensartet gruppe.<\/p><p>Der er i sig selv ikke noget forkert i at kategorisere. En advokat kan med rimelighed placeres i gruppen af advokater. Det forkerte ligger for nogle kategoriers vedkommende i<br \/>fordommene, der ofte har en b\u00e5de stereotyp og negativ karakter. Flygtninge, hjeml\u00f8se, psykisk syge, handicappede, overv\u00e6gtige, politikere, pr\u00e6ster, prostituerede og mennesker, der ikke ser sig selv i en bin\u00e6r k\u00f8nsopfattelse, er alle<br \/>eksempler p\u00e5 mennesker, hvor \u00e9n side af deres liv kommer til at fylde meget. Hvem de i \u00f8vrigt er, kommer s\u00e5 at sige til at ligge i skygge.<\/p><p>Fordomme kan antage en ford\u00f8mmende karakter. Sv\u00e6rt overv\u00e6gtige skal bare tage sig sammen. Det helt problematiske opst\u00e5r, n\u00e5r mennesker, der tilh\u00f8rer en af disse kategorier, tager omverdenens forst\u00e5elser til sig. N\u00e5r politikere eksempelvis m\u00f8des med kravet om at leve en pletfri tilv\u00e6relse og tager det krav til sig. N\u00e5r de forlader troen p\u00e5, at alle mennesker er underlagt den samme etiske fordring og i stedet begynder at mene, at der hviler en ganske s\u00e6rlig etisk fordring p\u00e5 mennesker i deres position. Som mennesker er vi alle underlagt den samme etiske fordring.<\/p><p>Menneske f\u00f8rst er ikke blot bogens titel, men dens b\u00e6rende id\u00e9. Portr\u00e6tterne i bogen \u00f8nsker at kaste lys p\u00e5 netop den menneskelige forskellighed, som tr\u00e6der frem, n\u00e5r vi ser ud over kategorien og ind i individet. Det er deltagerne selv, der har valgt, hvordan de \u00f8nsker at fremst\u00e5. Mange har ogs\u00e5 selv skrevet den tekst, der ledsager deres billeder. Det eneste krav til billeder og tekst har v\u00e6ret, at deltagerne bedst muligt beskriver sig selv som de mennesker, de er i egen optik.<\/p>\t\t\t\t\t\t\t\t<\/div>\n\t\t\t\t\t<\/div>\n\t\t\t\t<\/div>\n\t\t<div class=\"elementor-element elementor-element-21fb0b1 e-grid e-con-boxed e-con e-parent\" data-id=\"21fb0b1\" data-element_type=\"container\" data-e-type=\"container\">\n\t\t\t\t\t<div class=\"e-con-inner\">\n\t\t\t\t<div class=\"elementor-element elementor-element-c5fe95b elementor-widget elementor-widget-image\" data-id=\"c5fe95b\" data-element_type=\"widget\" data-e-type=\"widget\" data-widget_type=\"image.default\">\n\t\t\t\t\t\t\t\t\t\t\t\t\t\t\t<img decoding=\"async\" width=\"725\" height=\"1024\" src=\"https:\/\/agoodbook.dk\/wp-content\/uploads\/2025\/11\/Portratter-af-Danmark-725x1024.jpg\" class=\"attachment-large size-large wp-image-495\" alt=\"\" srcset=\"https:\/\/agoodbook.dk\/wp-content\/uploads\/2025\/11\/Portratter-af-Danmark-725x1024.jpg 725w, https:\/\/agoodbook.dk\/wp-content\/uploads\/2025\/11\/Portratter-af-Danmark-212x300.jpg 212w, https:\/\/agoodbook.dk\/wp-content\/uploads\/2025\/11\/Portratter-af-Danmark-768x1085.jpg 768w, https:\/\/agoodbook.dk\/wp-content\/uploads\/2025\/11\/Portratter-af-Danmark.jpg 906w\" sizes=\"(max-width: 725px) 100vw, 725px\" \/>\t\t\t\t\t\t\t\t\t\t\t\t\t\t\t<\/div>\n\t\t\t\t<div class=\"elementor-element elementor-element-1617547 elementor-widget elementor-widget-text-editor\" data-id=\"1617547\" data-element_type=\"widget\" data-e-type=\"widget\" data-widget_type=\"text-editor.default\">\n\t\t\t\t\t\t\t\t\t<p style=\"background: white; margin: 0cm 0cm 22.5pt 0cm;\"><span style=\"font-size: 13.5pt; font-family: 'Noto Sans',sans-serif; color: #7a7a7a;\">Danmark er et fantastisk land at bo i. Jeg f\u00f8ler mig privilegeret og taknemmelig over at leve i Danmark, og efter min mening er det ikke tilf\u00e6ldigt, at Danmark sammen med de \u00f8vrige Nordiske lande konstant ligger i toppen n\u00e5r den \u00e5rlige World Happiness Report udgives.<\/span><\/p><p style=\"background: white; margin: 0cm 0cm 22.5pt 0cm;\"><span style=\"font-size: 13.5pt; font-family: 'Noto Sans',sans-serif; color: #7a7a7a;\">Bogen er b\u00e5ret af mine helt personlige holdninger til, hvad der er godt og skidt i Danmark, for selvf\u00f8lgelig er der omr\u00e5der, hvor vi kan g\u00f8re det bedre. Bogen kan p\u00e5 den baggrund forh\u00e5bentlig bidrage til, at l\u00e6sere bliver skarpere p\u00e5 deres egne holdninger til livet i Danmark.<\/span><\/p>\t\t\t\t\t\t\t\t<\/div>\n\t\t\t\t\t<\/div>\n\t\t\t\t<\/div>\n\t\t\t\t<\/div>\n\t\t","protected":false},"excerpt":{"rendered":"<p>Denne bog er et stille opr\u00f8r imod tendensen til at d\u00f8mme vores medmennesker ud fra de kategorier, som vi placerer dem i.Uanset om vi bliver placeret i gruppen af etniske danskere, russere, udviklingsh\u00e6mmede, psykisk s\u00e5rbare, l\u00e6ger eller en hvilken som helst anden kategori, s\u00e5 f\u00f8lger der enforforst\u00e5else med kategoriseringen.\u00a0 For nogle kategoriers vedkommende kan forforst\u00e5elsen&hellip;&nbsp;<\/p>\n","protected":false},"author":1,"featured_media":0,"parent":0,"menu_order":0,"comment_status":"closed","ping_status":"closed","template":"page-templates\/template-pagebuilder-full-width.php","meta":{"neve_meta_sidebar":"","neve_meta_container":"","neve_meta_enable_content_width":"on","neve_meta_content_width":100,"neve_meta_title_alignment":"","neve_meta_author_avatar":"","neve_post_elements_order":"","neve_meta_disable_header":"","neve_meta_disable_footer":"","neve_meta_disable_title":"on","footnotes":""},"class_list":["post-29","page","type-page","status-publish","hentry"],"yoast_head":"<!-- This site is optimized with the Yoast SEO plugin v27.1.1 - https:\/\/yoast.com\/product\/yoast-seo-wordpress\/ -->\n<title>P\u00e5 vej fra forlaget<\/title>\n<meta name=\"description\" content=\"Forlagets b\u00f8ger er ofte flere \u00e5r undervejs. Hvis udgivelsen kr\u00e6ver st\u00f8tte fra fonde, s\u00e5 bliver processen lang. De b\u00f8ger, der er pr\u00e6senteret i &quot;P\u00e5 vej&quot; er n\u00e5et langt i vejen mod udgivelse. Det er b\u00f8ger, som forlaget tror p\u00e5.\" \/>\n<meta name=\"robots\" content=\"index, follow, max-snippet:-1, max-image-preview:large, max-video-preview:-1\" \/>\n<link rel=\"canonical\" href=\"https:\/\/agoodbook.dk\/index.php\/blog\/\" \/>\n<meta property=\"og:locale\" content=\"da_DK\" \/>\n<meta property=\"og:type\" content=\"article\" \/>\n<meta property=\"og:title\" content=\"P\u00e5 vej fra forlaget\" \/>\n<meta property=\"og:description\" content=\"Forlagets b\u00f8ger er ofte flere \u00e5r undervejs. Hvis udgivelsen kr\u00e6ver st\u00f8tte fra fonde, s\u00e5 bliver processen lang. De b\u00f8ger, der er pr\u00e6senteret i &quot;P\u00e5 vej&quot; er n\u00e5et langt i vejen mod udgivelse. Det er b\u00f8ger, som forlaget tror p\u00e5.\" \/>\n<meta property=\"og:url\" content=\"https:\/\/agoodbook.dk\/index.php\/blog\/\" \/>\n<meta property=\"og:site_name\" content=\"Forlaget A Good Book\" \/>\n<meta property=\"article:modified_time\" content=\"2025-12-14T15:16:52+00:00\" \/>\n<meta property=\"og:image\" content=\"https:\/\/agoodbook.dk\/wp-content\/uploads\/2025\/11\/Menneske-Forst.jpg\" \/>\n\t<meta property=\"og:image:width\" content=\"912\" \/>\n\t<meta property=\"og:image:height\" content=\"1290\" \/>\n\t<meta property=\"og:image:type\" content=\"image\/jpeg\" \/>\n<meta name=\"twitter:card\" content=\"summary_large_image\" \/>\n<script type=\"application\/ld+json\" class=\"yoast-schema-graph\">{\"@context\":\"https:\/\/schema.org\",\"@graph\":[{\"@type\":\"WebPage\",\"@id\":\"https:\/\/agoodbook.dk\/index.php\/blog\/\",\"url\":\"https:\/\/agoodbook.dk\/index.php\/blog\/\",\"name\":\"P\u00e5 vej fra forlaget\",\"isPartOf\":{\"@id\":\"https:\/\/agoodbook.dk\/#website\"},\"primaryImageOfPage\":{\"@id\":\"https:\/\/agoodbook.dk\/index.php\/blog\/#primaryimage\"},\"image\":{\"@id\":\"https:\/\/agoodbook.dk\/index.php\/blog\/#primaryimage\"},\"thumbnailUrl\":\"https:\/\/agoodbook.dk\/wp-content\/uploads\/2025\/11\/Menneske-Forst-768x1086.jpg\",\"datePublished\":\"2025-11-05T15:18:57+00:00\",\"dateModified\":\"2025-12-14T15:16:52+00:00\",\"description\":\"Forlagets b\u00f8ger er ofte flere \u00e5r undervejs. Hvis udgivelsen kr\u00e6ver st\u00f8tte fra fonde, s\u00e5 bliver processen lang. De b\u00f8ger, der er pr\u00e6senteret i \\\"P\u00e5 vej\\\" er n\u00e5et langt i vejen mod udgivelse. Det er b\u00f8ger, som forlaget tror p\u00e5.\",\"breadcrumb\":{\"@id\":\"https:\/\/agoodbook.dk\/index.php\/blog\/#breadcrumb\"},\"inLanguage\":\"da-DK\",\"potentialAction\":[{\"@type\":\"ReadAction\",\"target\":[\"https:\/\/agoodbook.dk\/index.php\/blog\/\"]}]},{\"@type\":\"ImageObject\",\"inLanguage\":\"da-DK\",\"@id\":\"https:\/\/agoodbook.dk\/index.php\/blog\/#primaryimage\",\"url\":\"https:\/\/agoodbook.dk\/wp-content\/uploads\/2025\/11\/Menneske-Forst.jpg\",\"contentUrl\":\"https:\/\/agoodbook.dk\/wp-content\/uploads\/2025\/11\/Menneske-Forst.jpg\",\"width\":912,\"height\":1290},{\"@type\":\"BreadcrumbList\",\"@id\":\"https:\/\/agoodbook.dk\/index.php\/blog\/#breadcrumb\",\"itemListElement\":[{\"@type\":\"ListItem\",\"position\":1,\"name\":\"Hjem\",\"item\":\"https:\/\/agoodbook.dk\/\"},{\"@type\":\"ListItem\",\"position\":2,\"name\":\"P\u00e5 vej\"}]},{\"@type\":\"WebSite\",\"@id\":\"https:\/\/agoodbook.dk\/#website\",\"url\":\"https:\/\/agoodbook.dk\/\",\"name\":\"Forlaget A Good Book\",\"description\":\"Om udgivelser p\u00e5 forlaget\",\"publisher\":{\"@id\":\"https:\/\/agoodbook.dk\/#organization\"},\"alternateName\":\"A Good Book\",\"potentialAction\":[{\"@type\":\"SearchAction\",\"target\":{\"@type\":\"EntryPoint\",\"urlTemplate\":\"https:\/\/agoodbook.dk\/?s={search_term_string}\"},\"query-input\":{\"@type\":\"PropertyValueSpecification\",\"valueRequired\":true,\"valueName\":\"search_term_string\"}}],\"inLanguage\":\"da-DK\"},{\"@type\":\"Organization\",\"@id\":\"https:\/\/agoodbook.dk\/#organization\",\"name\":\"Forlaget A Good Book\",\"alternateName\":\"A Good Book\",\"url\":\"https:\/\/agoodbook.dk\/\",\"logo\":{\"@type\":\"ImageObject\",\"inLanguage\":\"da-DK\",\"@id\":\"https:\/\/agoodbook.dk\/#\/schema\/logo\/image\/\",\"url\":\"\",\"contentUrl\":\"\",\"caption\":\"Forlaget A Good Book\"},\"image\":{\"@id\":\"https:\/\/agoodbook.dk\/#\/schema\/logo\/image\/\"},\"sameAs\":[\"https:\/\/www.linkedin.com\/in\/kim-nielsen-ba6aa476\/yoast\"]}]}<\/script>\n<!-- \/ Yoast SEO plugin. -->","yoast_head_json":{"title":"P\u00e5 vej fra forlaget","description":"Forlagets b\u00f8ger er ofte flere \u00e5r undervejs. Hvis udgivelsen kr\u00e6ver st\u00f8tte fra fonde, s\u00e5 bliver processen lang. De b\u00f8ger, der er pr\u00e6senteret i \"P\u00e5 vej\" er n\u00e5et langt i vejen mod udgivelse. Det er b\u00f8ger, som forlaget tror p\u00e5.","robots":{"index":"index","follow":"follow","max-snippet":"max-snippet:-1","max-image-preview":"max-image-preview:large","max-video-preview":"max-video-preview:-1"},"canonical":"https:\/\/agoodbook.dk\/index.php\/blog\/","og_locale":"da_DK","og_type":"article","og_title":"P\u00e5 vej fra forlaget","og_description":"Forlagets b\u00f8ger er ofte flere \u00e5r undervejs. Hvis udgivelsen kr\u00e6ver st\u00f8tte fra fonde, s\u00e5 bliver processen lang. De b\u00f8ger, der er pr\u00e6senteret i \"P\u00e5 vej\" er n\u00e5et langt i vejen mod udgivelse. Det er b\u00f8ger, som forlaget tror p\u00e5.","og_url":"https:\/\/agoodbook.dk\/index.php\/blog\/","og_site_name":"Forlaget A Good Book","article_modified_time":"2025-12-14T15:16:52+00:00","og_image":[{"width":912,"height":1290,"url":"https:\/\/agoodbook.dk\/wp-content\/uploads\/2025\/11\/Menneske-Forst.jpg","type":"image\/jpeg"}],"twitter_card":"summary_large_image","schema":{"@context":"https:\/\/schema.org","@graph":[{"@type":"WebPage","@id":"https:\/\/agoodbook.dk\/index.php\/blog\/","url":"https:\/\/agoodbook.dk\/index.php\/blog\/","name":"P\u00e5 vej fra forlaget","isPartOf":{"@id":"https:\/\/agoodbook.dk\/#website"},"primaryImageOfPage":{"@id":"https:\/\/agoodbook.dk\/index.php\/blog\/#primaryimage"},"image":{"@id":"https:\/\/agoodbook.dk\/index.php\/blog\/#primaryimage"},"thumbnailUrl":"https:\/\/agoodbook.dk\/wp-content\/uploads\/2025\/11\/Menneske-Forst-768x1086.jpg","datePublished":"2025-11-05T15:18:57+00:00","dateModified":"2025-12-14T15:16:52+00:00","description":"Forlagets b\u00f8ger er ofte flere \u00e5r undervejs. Hvis udgivelsen kr\u00e6ver st\u00f8tte fra fonde, s\u00e5 bliver processen lang. De b\u00f8ger, der er pr\u00e6senteret i \"P\u00e5 vej\" er n\u00e5et langt i vejen mod udgivelse. Det er b\u00f8ger, som forlaget tror p\u00e5.","breadcrumb":{"@id":"https:\/\/agoodbook.dk\/index.php\/blog\/#breadcrumb"},"inLanguage":"da-DK","potentialAction":[{"@type":"ReadAction","target":["https:\/\/agoodbook.dk\/index.php\/blog\/"]}]},{"@type":"ImageObject","inLanguage":"da-DK","@id":"https:\/\/agoodbook.dk\/index.php\/blog\/#primaryimage","url":"https:\/\/agoodbook.dk\/wp-content\/uploads\/2025\/11\/Menneske-Forst.jpg","contentUrl":"https:\/\/agoodbook.dk\/wp-content\/uploads\/2025\/11\/Menneske-Forst.jpg","width":912,"height":1290},{"@type":"BreadcrumbList","@id":"https:\/\/agoodbook.dk\/index.php\/blog\/#breadcrumb","itemListElement":[{"@type":"ListItem","position":1,"name":"Hjem","item":"https:\/\/agoodbook.dk\/"},{"@type":"ListItem","position":2,"name":"P\u00e5 vej"}]},{"@type":"WebSite","@id":"https:\/\/agoodbook.dk\/#website","url":"https:\/\/agoodbook.dk\/","name":"Forlaget A Good Book","description":"Om udgivelser p\u00e5 forlaget","publisher":{"@id":"https:\/\/agoodbook.dk\/#organization"},"alternateName":"A Good Book","potentialAction":[{"@type":"SearchAction","target":{"@type":"EntryPoint","urlTemplate":"https:\/\/agoodbook.dk\/?s={search_term_string}"},"query-input":{"@type":"PropertyValueSpecification","valueRequired":true,"valueName":"search_term_string"}}],"inLanguage":"da-DK"},{"@type":"Organization","@id":"https:\/\/agoodbook.dk\/#organization","name":"Forlaget A Good Book","alternateName":"A Good Book","url":"https:\/\/agoodbook.dk\/","logo":{"@type":"ImageObject","inLanguage":"da-DK","@id":"https:\/\/agoodbook.dk\/#\/schema\/logo\/image\/","url":"","contentUrl":"","caption":"Forlaget A Good Book"},"image":{"@id":"https:\/\/agoodbook.dk\/#\/schema\/logo\/image\/"},"sameAs":["https:\/\/www.linkedin.com\/in\/kim-nielsen-ba6aa476\/yoast"]}]}},"_links":{"self":[{"href":"https:\/\/agoodbook.dk\/index.php\/wp-json\/wp\/v2\/pages\/29","targetHints":{"allow":["GET"]}}],"collection":[{"href":"https:\/\/agoodbook.dk\/index.php\/wp-json\/wp\/v2\/pages"}],"about":[{"href":"https:\/\/agoodbook.dk\/index.php\/wp-json\/wp\/v2\/types\/page"}],"author":[{"embeddable":true,"href":"https:\/\/agoodbook.dk\/index.php\/wp-json\/wp\/v2\/users\/1"}],"replies":[{"embeddable":true,"href":"https:\/\/agoodbook.dk\/index.php\/wp-json\/wp\/v2\/comments?post=29"}],"version-history":[{"count":3,"href":"https:\/\/agoodbook.dk\/index.php\/wp-json\/wp\/v2\/pages\/29\/revisions"}],"predecessor-version":[{"id":536,"href":"https:\/\/agoodbook.dk\/index.php\/wp-json\/wp\/v2\/pages\/29\/revisions\/536"}],"wp:attachment":[{"href":"https:\/\/agoodbook.dk\/index.php\/wp-json\/wp\/v2\/media?parent=29"}],"curies":[{"name":"wp","href":"https:\/\/api.w.org\/{rel}","templated":true}]}}