{"id":404,"date":"2025-11-12T09:32:38","date_gmt":"2025-11-12T09:32:38","guid":{"rendered":"https:\/\/agoodbook.dk\/?page_id=404"},"modified":"2025-11-16T16:25:43","modified_gmt":"2025-11-16T16:25:43","slug":"nyheder","status":"publish","type":"page","link":"https:\/\/agoodbook.dk\/index.php\/nyheder\/","title":{"rendered":"Nyheder"},"content":{"rendered":"\t\t<div data-elementor-type=\"wp-page\" data-elementor-id=\"404\" class=\"elementor elementor-404\">\n\t\t\t\t<div class=\"elementor-element elementor-element-1f0a5c0 e-grid e-con-boxed e-con e-parent\" data-id=\"1f0a5c0\" data-element_type=\"container\" data-e-type=\"container\">\n\t\t\t\t\t<div class=\"e-con-inner\">\n\t\t\t\t<div class=\"elementor-element elementor-element-419cdb7 elementor-widget elementor-widget-image\" data-id=\"419cdb7\" data-element_type=\"widget\" data-e-type=\"widget\" data-widget_type=\"image.default\">\n\t\t\t\t\t\t\t\t\t\t\t\t\t\t\t<img fetchpriority=\"high\" decoding=\"async\" width=\"768\" height=\"781\" src=\"https:\/\/agoodbook.dk\/wp-content\/uploads\/2025\/11\/Into-the-society-of-apples-768x781.jpg\" class=\"attachment-medium_large size-medium_large wp-image-491\" alt=\"\" srcset=\"https:\/\/agoodbook.dk\/wp-content\/uploads\/2025\/11\/Into-the-society-of-apples-768x781.jpg 768w, https:\/\/agoodbook.dk\/wp-content\/uploads\/2025\/11\/Into-the-society-of-apples-295x300.jpg 295w, https:\/\/agoodbook.dk\/wp-content\/uploads\/2025\/11\/Into-the-society-of-apples.jpg 858w\" sizes=\"(max-width: 768px) 100vw, 768px\" \/>\t\t\t\t\t\t\t\t\t\t\t\t\t\t\t<\/div>\n\t\t\t\t<div class=\"elementor-element elementor-element-91b6290 elementor-widget elementor-widget-text-editor\" data-id=\"91b6290\" data-element_type=\"widget\" data-e-type=\"widget\" data-widget_type=\"text-editor.default\">\n\t\t\t\t\t\t\t\t\t<p>An adventurous journey into the world of apples. It turnes out that the society of apples bears a strong resemblance\u00a0 to the world that we as humans live in.<\/p>\t\t\t\t\t\t\t\t<\/div>\n\t\t<div class=\"elementor-element elementor-element-7549d08 e-grid e-con-full e-con e-child\" data-id=\"7549d08\" data-element_type=\"container\" data-e-type=\"container\">\n\t\t\t\t<div class=\"elementor-element elementor-element-1892753 elementor-widget elementor-widget-image\" data-id=\"1892753\" data-element_type=\"widget\" data-e-type=\"widget\" data-widget_type=\"image.default\">\n\t\t\t\t\t\t\t\t\t\t\t\t\t\t\t<img decoding=\"async\" width=\"486\" height=\"477\" src=\"https:\/\/agoodbook.dk\/wp-content\/uploads\/2025\/11\/Fair-and-square.jpg\" class=\"attachment-large size-large wp-image-490\" alt=\"\" srcset=\"https:\/\/agoodbook.dk\/wp-content\/uploads\/2025\/11\/Fair-and-square.jpg 486w, https:\/\/agoodbook.dk\/wp-content\/uploads\/2025\/11\/Fair-and-square-300x294.jpg 300w\" sizes=\"(max-width: 486px) 100vw, 486px\" \/>\t\t\t\t\t\t\t\t\t\t\t\t\t\t\t<\/div>\n\t\t\t\t<\/div>\n\t\t<div class=\"elementor-element elementor-element-89fbcc4 e-grid e-con-full e-con e-child\" data-id=\"89fbcc4\" data-element_type=\"container\" data-e-type=\"container\">\n\t\t\t\t<div class=\"elementor-element elementor-element-a04f05b elementor-widget elementor-widget-text-editor\" data-id=\"a04f05b\" data-element_type=\"widget\" data-e-type=\"widget\" data-widget_type=\"text-editor.default\">\n\t\t\t\t\t\t\t\t\t<p>Dear reader<\/p><p>I am a storyteller. My photos are often part of an overall narrative, but in Fair and Square the images are allowed to stand alone. If you use the pictures to tell stories yourself, then I have succeeded with the book. If not, then I apologize for the inconvenience.<\/p>\t\t\t\t\t\t\t\t<\/div>\n\t\t\t\t<\/div>\n\t\t\t\t\t<\/div>\n\t\t\t\t<\/div>\n\t\t\t\t<\/div>\n\t\t","protected":false},"excerpt":{"rendered":"<p>An adventurous journey into the world of apples. It turnes out that the society of apples bears a strong resemblance\u00a0 to the world that we as humans live in. Dear reader I am a storyteller. My photos are often part of an overall narrative, but in Fair and Square the images are allowed to stand&hellip;&nbsp;<\/p>\n","protected":false},"author":1,"featured_media":0,"parent":0,"menu_order":0,"comment_status":"closed","ping_status":"closed","template":"page-templates\/template-pagebuilder-full-width.php","meta":{"neve_meta_sidebar":"","neve_meta_container":"","neve_meta_enable_content_width":"","neve_meta_content_width":0,"neve_meta_title_alignment":"","neve_meta_author_avatar":"","neve_post_elements_order":"","neve_meta_disable_header":"","neve_meta_disable_footer":"","neve_meta_disable_title":"","footnotes":""},"class_list":["post-404","page","type-page","status-publish","hentry"],"yoast_head":"<!-- This site is optimized with the Yoast SEO plugin v27.1.1 - https:\/\/yoast.com\/product\/yoast-seo-wordpress\/ -->\n<title>De seneste udgivelser p\u00e5 forlaget.<\/title>\n<meta name=\"description\" content=\"P\u00e5 siden nyheder vises forlagets seneste udgivelser. Udgivelserne sp\u00e6nder over e-b\u00f8ger, traditionelle udgivelser og print on demand.\" \/>\n<meta name=\"robots\" content=\"index, follow, max-snippet:-1, max-image-preview:large, max-video-preview:-1\" \/>\n<link rel=\"canonical\" href=\"https:\/\/agoodbook.dk\/index.php\/nyheder\/\" \/>\n<meta property=\"og:locale\" content=\"da_DK\" \/>\n<meta property=\"og:type\" content=\"article\" \/>\n<meta property=\"og:title\" content=\"De seneste udgivelser p\u00e5 forlaget.\" \/>\n<meta property=\"og:description\" content=\"P\u00e5 siden nyheder vises forlagets seneste udgivelser. Udgivelserne sp\u00e6nder over e-b\u00f8ger, traditionelle udgivelser og print on demand.\" \/>\n<meta property=\"og:url\" content=\"https:\/\/agoodbook.dk\/index.php\/nyheder\/\" \/>\n<meta property=\"og:site_name\" content=\"Forlaget A Good Book\" \/>\n<meta property=\"article:modified_time\" content=\"2025-11-16T16:25:43+00:00\" \/>\n<meta property=\"og:image\" content=\"https:\/\/agoodbook.dk\/wp-content\/uploads\/2025\/11\/Into-the-society-of-apples.jpg\" \/>\n\t<meta property=\"og:image:width\" content=\"858\" \/>\n\t<meta property=\"og:image:height\" content=\"873\" \/>\n\t<meta property=\"og:image:type\" content=\"image\/jpeg\" \/>\n<meta name=\"twitter:card\" content=\"summary_large_image\" \/>\n<script type=\"application\/ld+json\" class=\"yoast-schema-graph\">{\"@context\":\"https:\/\/schema.org\",\"@graph\":[{\"@type\":\"WebPage\",\"@id\":\"https:\/\/agoodbook.dk\/index.php\/nyheder\/\",\"url\":\"https:\/\/agoodbook.dk\/index.php\/nyheder\/\",\"name\":\"De seneste udgivelser p\u00e5 forlaget.\",\"isPartOf\":{\"@id\":\"https:\/\/agoodbook.dk\/#website\"},\"primaryImageOfPage\":{\"@id\":\"https:\/\/agoodbook.dk\/index.php\/nyheder\/#primaryimage\"},\"image\":{\"@id\":\"https:\/\/agoodbook.dk\/index.php\/nyheder\/#primaryimage\"},\"thumbnailUrl\":\"https:\/\/agoodbook.dk\/wp-content\/uploads\/2025\/11\/Into-the-society-of-apples-768x781.jpg\",\"datePublished\":\"2025-11-12T09:32:38+00:00\",\"dateModified\":\"2025-11-16T16:25:43+00:00\",\"description\":\"P\u00e5 siden nyheder vises forlagets seneste udgivelser. Udgivelserne sp\u00e6nder over e-b\u00f8ger, traditionelle udgivelser og print on demand.\",\"breadcrumb\":{\"@id\":\"https:\/\/agoodbook.dk\/index.php\/nyheder\/#breadcrumb\"},\"inLanguage\":\"da-DK\",\"potentialAction\":[{\"@type\":\"ReadAction\",\"target\":[\"https:\/\/agoodbook.dk\/index.php\/nyheder\/\"]}]},{\"@type\":\"ImageObject\",\"inLanguage\":\"da-DK\",\"@id\":\"https:\/\/agoodbook.dk\/index.php\/nyheder\/#primaryimage\",\"url\":\"https:\/\/agoodbook.dk\/wp-content\/uploads\/2025\/11\/Into-the-society-of-apples.jpg\",\"contentUrl\":\"https:\/\/agoodbook.dk\/wp-content\/uploads\/2025\/11\/Into-the-society-of-apples.jpg\",\"width\":858,\"height\":873},{\"@type\":\"BreadcrumbList\",\"@id\":\"https:\/\/agoodbook.dk\/index.php\/nyheder\/#breadcrumb\",\"itemListElement\":[{\"@type\":\"ListItem\",\"position\":1,\"name\":\"Hjem\",\"item\":\"https:\/\/agoodbook.dk\/\"},{\"@type\":\"ListItem\",\"position\":2,\"name\":\"Nyheder\"}]},{\"@type\":\"WebSite\",\"@id\":\"https:\/\/agoodbook.dk\/#website\",\"url\":\"https:\/\/agoodbook.dk\/\",\"name\":\"Forlaget A Good Book\",\"description\":\"Om udgivelser p\u00e5 forlaget\",\"publisher\":{\"@id\":\"https:\/\/agoodbook.dk\/#organization\"},\"alternateName\":\"A Good Book\",\"potentialAction\":[{\"@type\":\"SearchAction\",\"target\":{\"@type\":\"EntryPoint\",\"urlTemplate\":\"https:\/\/agoodbook.dk\/?s={search_term_string}\"},\"query-input\":{\"@type\":\"PropertyValueSpecification\",\"valueRequired\":true,\"valueName\":\"search_term_string\"}}],\"inLanguage\":\"da-DK\"},{\"@type\":\"Organization\",\"@id\":\"https:\/\/agoodbook.dk\/#organization\",\"name\":\"Forlaget A Good Book\",\"alternateName\":\"A Good Book\",\"url\":\"https:\/\/agoodbook.dk\/\",\"logo\":{\"@type\":\"ImageObject\",\"inLanguage\":\"da-DK\",\"@id\":\"https:\/\/agoodbook.dk\/#\/schema\/logo\/image\/\",\"url\":\"\",\"contentUrl\":\"\",\"caption\":\"Forlaget A Good Book\"},\"image\":{\"@id\":\"https:\/\/agoodbook.dk\/#\/schema\/logo\/image\/\"},\"sameAs\":[\"https:\/\/www.linkedin.com\/in\/kim-nielsen-ba6aa476\/yoast\"]}]}<\/script>\n<!-- \/ Yoast SEO plugin. -->","yoast_head_json":{"title":"De seneste udgivelser p\u00e5 forlaget.","description":"P\u00e5 siden nyheder vises forlagets seneste udgivelser. Udgivelserne sp\u00e6nder over e-b\u00f8ger, traditionelle udgivelser og print on demand.","robots":{"index":"index","follow":"follow","max-snippet":"max-snippet:-1","max-image-preview":"max-image-preview:large","max-video-preview":"max-video-preview:-1"},"canonical":"https:\/\/agoodbook.dk\/index.php\/nyheder\/","og_locale":"da_DK","og_type":"article","og_title":"De seneste udgivelser p\u00e5 forlaget.","og_description":"P\u00e5 siden nyheder vises forlagets seneste udgivelser. Udgivelserne sp\u00e6nder over e-b\u00f8ger, traditionelle udgivelser og print on demand.","og_url":"https:\/\/agoodbook.dk\/index.php\/nyheder\/","og_site_name":"Forlaget A Good Book","article_modified_time":"2025-11-16T16:25:43+00:00","og_image":[{"width":858,"height":873,"url":"https:\/\/agoodbook.dk\/wp-content\/uploads\/2025\/11\/Into-the-society-of-apples.jpg","type":"image\/jpeg"}],"twitter_card":"summary_large_image","schema":{"@context":"https:\/\/schema.org","@graph":[{"@type":"WebPage","@id":"https:\/\/agoodbook.dk\/index.php\/nyheder\/","url":"https:\/\/agoodbook.dk\/index.php\/nyheder\/","name":"De seneste udgivelser p\u00e5 forlaget.","isPartOf":{"@id":"https:\/\/agoodbook.dk\/#website"},"primaryImageOfPage":{"@id":"https:\/\/agoodbook.dk\/index.php\/nyheder\/#primaryimage"},"image":{"@id":"https:\/\/agoodbook.dk\/index.php\/nyheder\/#primaryimage"},"thumbnailUrl":"https:\/\/agoodbook.dk\/wp-content\/uploads\/2025\/11\/Into-the-society-of-apples-768x781.jpg","datePublished":"2025-11-12T09:32:38+00:00","dateModified":"2025-11-16T16:25:43+00:00","description":"P\u00e5 siden nyheder vises forlagets seneste udgivelser. Udgivelserne sp\u00e6nder over e-b\u00f8ger, traditionelle udgivelser og print on demand.","breadcrumb":{"@id":"https:\/\/agoodbook.dk\/index.php\/nyheder\/#breadcrumb"},"inLanguage":"da-DK","potentialAction":[{"@type":"ReadAction","target":["https:\/\/agoodbook.dk\/index.php\/nyheder\/"]}]},{"@type":"ImageObject","inLanguage":"da-DK","@id":"https:\/\/agoodbook.dk\/index.php\/nyheder\/#primaryimage","url":"https:\/\/agoodbook.dk\/wp-content\/uploads\/2025\/11\/Into-the-society-of-apples.jpg","contentUrl":"https:\/\/agoodbook.dk\/wp-content\/uploads\/2025\/11\/Into-the-society-of-apples.jpg","width":858,"height":873},{"@type":"BreadcrumbList","@id":"https:\/\/agoodbook.dk\/index.php\/nyheder\/#breadcrumb","itemListElement":[{"@type":"ListItem","position":1,"name":"Hjem","item":"https:\/\/agoodbook.dk\/"},{"@type":"ListItem","position":2,"name":"Nyheder"}]},{"@type":"WebSite","@id":"https:\/\/agoodbook.dk\/#website","url":"https:\/\/agoodbook.dk\/","name":"Forlaget A Good Book","description":"Om udgivelser p\u00e5 forlaget","publisher":{"@id":"https:\/\/agoodbook.dk\/#organization"},"alternateName":"A Good Book","potentialAction":[{"@type":"SearchAction","target":{"@type":"EntryPoint","urlTemplate":"https:\/\/agoodbook.dk\/?s={search_term_string}"},"query-input":{"@type":"PropertyValueSpecification","valueRequired":true,"valueName":"search_term_string"}}],"inLanguage":"da-DK"},{"@type":"Organization","@id":"https:\/\/agoodbook.dk\/#organization","name":"Forlaget A Good Book","alternateName":"A Good Book","url":"https:\/\/agoodbook.dk\/","logo":{"@type":"ImageObject","inLanguage":"da-DK","@id":"https:\/\/agoodbook.dk\/#\/schema\/logo\/image\/","url":"","contentUrl":"","caption":"Forlaget A Good Book"},"image":{"@id":"https:\/\/agoodbook.dk\/#\/schema\/logo\/image\/"},"sameAs":["https:\/\/www.linkedin.com\/in\/kim-nielsen-ba6aa476\/yoast"]}]}},"_links":{"self":[{"href":"https:\/\/agoodbook.dk\/index.php\/wp-json\/wp\/v2\/pages\/404","targetHints":{"allow":["GET"]}}],"collection":[{"href":"https:\/\/agoodbook.dk\/index.php\/wp-json\/wp\/v2\/pages"}],"about":[{"href":"https:\/\/agoodbook.dk\/index.php\/wp-json\/wp\/v2\/types\/page"}],"author":[{"embeddable":true,"href":"https:\/\/agoodbook.dk\/index.php\/wp-json\/wp\/v2\/users\/1"}],"replies":[{"embeddable":true,"href":"https:\/\/agoodbook.dk\/index.php\/wp-json\/wp\/v2\/comments?post=404"}],"version-history":[{"count":3,"href":"https:\/\/agoodbook.dk\/index.php\/wp-json\/wp\/v2\/pages\/404\/revisions"}],"predecessor-version":[{"id":525,"href":"https:\/\/agoodbook.dk\/index.php\/wp-json\/wp\/v2\/pages\/404\/revisions\/525"}],"wp:attachment":[{"href":"https:\/\/agoodbook.dk\/index.php\/wp-json\/wp\/v2\/media?parent=404"}],"curies":[{"name":"wp","href":"https:\/\/api.w.org\/{rel}","templated":true}]}}